{"id":19,"date":"2020-11-19T11:32:34","date_gmt":"2020-11-19T14:32:34","guid":{"rendered":"http:\/\/limerstamp.com.br\/blog\/?page_id=19"},"modified":"2024-09-20T08:40:54","modified_gmt":"2024-09-20T11:40:54","slug":"denuncia","status":"publish","type":"page","link":"https:\/\/limerstamp.com.br\/blog\/denuncia\/","title":{"rendered":"Den\u00fancia"},"content":{"rendered":"<style id=\"wpforms-css-vars-root\">\n\t\t\t\t:root {\n\t\t\t\t\t--wpforms-field-border-radius: 3px;\n--wpforms-field-background-color: #ffffff;\n--wpforms-field-border-color: rgba( 0, 0, 0, 0.25 );\n--wpforms-field-text-color: rgba( 0, 0, 0, 0.7 );\n--wpforms-label-color: rgba( 0, 0, 0, 0.85 );\n--wpforms-label-sublabel-color: rgba( 0, 0, 0, 0.55 );\n--wpforms-label-error-color: #d63637;\n--wpforms-button-border-radius: 3px;\n--wpforms-button-background-color: #066aab;\n--wpforms-button-text-color: #ffffff;\n--wpforms-field-size-input-height: 43px;\n--wpforms-field-size-input-spacing: 15px;\n--wpforms-field-size-font-size: 16px;\n--wpforms-field-size-line-height: 19px;\n--wpforms-field-size-padding-h: 14px;\n--wpforms-field-size-checkbox-size: 16px;\n--wpforms-field-size-sublabel-spacing: 5px;\n--wpforms-field-size-icon-size: 1;\n--wpforms-label-size-font-size: 16px;\n--wpforms-label-size-line-height: 19px;\n--wpforms-label-size-sublabel-font-size: 14px;\n--wpforms-label-size-sublabel-line-height: 17px;\n--wpforms-button-size-font-size: 17px;\n--wpforms-button-size-height: 41px;\n--wpforms-button-size-padding-h: 15px;\n--wpforms-button-size-margin-top: 10px;\n\n\t\t\t\t}\n\t\t\t<\/style><div class=\"wpforms-container wpforms-container-full wpforms-block wpforms-block-8cc24a9a-96f1-4d33-9db9-9a9b8313529c formdenuncia wpforms-render-modern\" id=\"wpforms-25\"><form id=\"wpforms-form-25\" class=\"wpforms-validate wpforms-form wpforms-ajax-form\" data-formid=\"25\" method=\"post\" enctype=\"multipart\/form-data\" action=\"\/blog\/wp-json\/wp\/v2\/pages\/19\" data-token=\"53a1ec010afb54de666cedd732f83083\"><noscript class=\"wpforms-error-noscript\">Ative o JavaScript no seu navegador para preencher este formul\u00e1rio.<\/noscript><div class=\"wpforms-hidden\" id=\"wpforms-error-noscript\">Ative o JavaScript no seu navegador para preencher este formul\u00e1rio.<\/div><div class=\"wpforms-field-container\"><div id=\"wpforms-25-field_6-container\" class=\"wpforms-field wpforms-field-layout\" data-field-id=\"6\"><label class=\"wpforms-field-label wpforms-label-hide\" for=\"wpforms-25-field_6\" aria-hidden=\"false\">Layout<\/label><div class=\"wpforms-field-layout-columns wpforms-field-layout-preset-50-50\"><div class=\"wpforms-layout-column wpforms-layout-column-50\"><div id=\"wpforms-25-field_7-container\" class=\"wpforms-field wpforms-field-name\" data-field-id=\"7\"><label class=\"wpforms-field-label wpforms-label-hide\" for=\"wpforms-25-field_7\" aria-hidden=\"false\">Nome<\/label><input type=\"text\" id=\"wpforms-25-field_7\" class=\"wpforms-field-medium\" name=\"wpforms[fields][7]\" placeholder=\"Nome Completo\" aria-errormessage=\"wpforms-25-field_7-error\" ><\/div><\/div><div class=\"wpforms-layout-column wpforms-layout-column-50\"><div id=\"wpforms-25-field_8-container\" class=\"wpforms-field wpforms-field-email\" data-field-id=\"8\"><label class=\"wpforms-field-label wpforms-label-hide\" for=\"wpforms-25-field_8\" aria-hidden=\"false\">E-mail<\/label><input type=\"email\" id=\"wpforms-25-field_8\" class=\"wpforms-field-medium\" name=\"wpforms[fields][8]\" placeholder=\"E-mail\" spellcheck=\"false\" aria-errormessage=\"wpforms-25-field_8-error\" ><\/div><\/div><\/div><\/div><div id=\"wpforms-25-field_14-container\" class=\"wpforms-field wpforms-field-checkbox marcacaoform wpforms-list-3-columns\" data-field-id=\"14\"><fieldset><legend class=\"wpforms-field-label\">Tipo de Den\u00fancia<\/legend><ul id=\"wpforms-25-field_14\"><li class=\"choice-1 depth-1\"><input type=\"checkbox\" id=\"wpforms-25-field_14_1\" name=\"wpforms[fields][14][]\" value=\"Sugest\u00f5es\" aria-errormessage=\"wpforms-25-field_14_1-error\"  ><label class=\"wpforms-field-label-inline\" for=\"wpforms-25-field_14_1\">Sugest\u00f5es<\/label><\/li><li class=\"choice-2 depth-1\"><input type=\"checkbox\" id=\"wpforms-25-field_14_2\" name=\"wpforms[fields][14][]\" value=\"Reclama\u00e7\u00f5es\" aria-errormessage=\"wpforms-25-field_14_2-error\"  ><label class=\"wpforms-field-label-inline\" for=\"wpforms-25-field_14_2\">Reclama\u00e7\u00f5es<\/label><\/li><li class=\"choice-3 depth-1\"><input type=\"checkbox\" id=\"wpforms-25-field_14_3\" name=\"wpforms[fields][14][]\" value=\"Elogios\" aria-errormessage=\"wpforms-25-field_14_3-error\"  ><label class=\"wpforms-field-label-inline\" for=\"wpforms-25-field_14_3\">Elogios<\/label><\/li><li class=\"choice-9 depth-1\"><input type=\"checkbox\" id=\"wpforms-25-field_14_9\" name=\"wpforms[fields][14][]\" value=\"Solicita\u00e7\u00f5es de Documento\" aria-errormessage=\"wpforms-25-field_14_9-error\"  ><label class=\"wpforms-field-label-inline\" for=\"wpforms-25-field_14_9\">Solicita\u00e7\u00f5es de Documento<\/label><\/li><li class=\"choice-8 depth-1\"><input type=\"checkbox\" id=\"wpforms-25-field_14_8\" name=\"wpforms[fields][14][]\" value=\"Solicita\u00e7\u00f5es de Informa\u00e7\u00f5es\" aria-errormessage=\"wpforms-25-field_14_8-error\"  ><label class=\"wpforms-field-label-inline\" for=\"wpforms-25-field_14_8\">Solicita\u00e7\u00f5es de Informa\u00e7\u00f5es<\/label><\/li><li class=\"choice-7 depth-1\"><input type=\"checkbox\" id=\"wpforms-25-field_14_7\" name=\"wpforms[fields][14][]\" value=\"Relatar Problema de Vale Transporte ou Refei\u00e7\u00e3o\" aria-errormessage=\"wpforms-25-field_14_7-error\"  ><label class=\"wpforms-field-label-inline\" for=\"wpforms-25-field_14_7\">Relatar Problema de Vale Transporte ou Refei\u00e7\u00e3o<\/label><\/li><li class=\"choice-6 depth-1\"><input type=\"checkbox\" id=\"wpforms-25-field_14_6\" name=\"wpforms[fields][14][]\" value=\"Denunciar Ass\u00e9dio Moral\" aria-errormessage=\"wpforms-25-field_14_6-error\"  ><label class=\"wpforms-field-label-inline\" for=\"wpforms-25-field_14_6\">Denunciar Ass\u00e9dio Moral<\/label><\/li><li class=\"choice-5 depth-1\"><input type=\"checkbox\" id=\"wpforms-25-field_14_5\" name=\"wpforms[fields][14][]\" value=\"Den\u00fancias de Ass\u00e9dio Sexual\" aria-errormessage=\"wpforms-25-field_14_5-error\"  ><label class=\"wpforms-field-label-inline\" for=\"wpforms-25-field_14_5\">Den\u00fancias de Ass\u00e9dio Sexual<\/label><\/li><li class=\"choice-4 depth-1\"><input type=\"checkbox\" id=\"wpforms-25-field_14_4\" name=\"wpforms[fields][14][]\" value=\"Den\u00fancias de Corrup\u00e7\u00e3o &lt;br\/&gt; Pol\u00edtica de Dela\u00e7\u00e3o\" aria-errormessage=\"wpforms-25-field_14_4-error\"  ><label class=\"wpforms-field-label-inline\" for=\"wpforms-25-field_14_4\">Den\u00fancias de Corrup\u00e7\u00e3o <br \/> Pol\u00edtica de Dela\u00e7\u00e3o<\/label><\/li><\/ul><\/fieldset><\/div><div id=\"wpforms-25-field_16-container\" class=\"wpforms-field wpforms-field-textarea\" data-field-id=\"16\"><label class=\"wpforms-field-label wpforms-label-hide\" for=\"wpforms-25-field_16\" aria-hidden=\"false\">Mensagem<\/label><textarea id=\"wpforms-25-field_16\" class=\"wpforms-field-medium\" name=\"wpforms[fields][16]\" placeholder=\"Mensagem\" aria-errormessage=\"wpforms-25-field_16-error\" ><\/textarea><\/div><\/div><!-- .wpforms-field-container --><div class=\"wpforms-submit-container\" ><input type=\"hidden\" name=\"wpforms[id]\" value=\"25\"><input type=\"hidden\" name=\"wpforms[author]\" value=\"1\"><button type=\"submit\" name=\"wpforms[submit]\" id=\"wpforms-submit-25\" class=\"wpforms-submit btn-primary-line\" data-alt-text=\"Enviando\u2026\" data-submit-text=\"Enviar\" aria-live=\"assertive\" value=\"wpforms-submit\">Enviar<\/button><img loading=\"lazy\" decoding=\"async\" src=\"https:\/\/limerstamp.com.br\/blog\/wp-content\/plugins\/wpforms\/assets\/images\/submit-spin.svg\" class=\"wpforms-submit-spinner\" style=\"display: none;\" width=\"26\" height=\"26\" alt=\"Carregando\"><\/div><\/form><\/div>  <!-- .wpforms-container -->","protected":false},"excerpt":{"rendered":"","protected":false},"author":1,"featured_media":0,"parent":0,"menu_order":0,"comment_status":"closed","ping_status":"closed","template":"denuncia.php","meta":{"footnotes":""},"class_list":["post-19","page","type-page","status-publish","hentry","entry"],"_links":{"self":[{"href":"https:\/\/limerstamp.com.br\/blog\/wp-json\/wp\/v2\/pages\/19"}],"collection":[{"href":"https:\/\/limerstamp.com.br\/blog\/wp-json\/wp\/v2\/pages"}],"about":[{"href":"https:\/\/limerstamp.com.br\/blog\/wp-json\/wp\/v2\/types\/page"}],"author":[{"embeddable":true,"href":"https:\/\/limerstamp.com.br\/blog\/wp-json\/wp\/v2\/users\/1"}],"replies":[{"embeddable":true,"href":"https:\/\/limerstamp.com.br\/blog\/wp-json\/wp\/v2\/comments?post=19"}],"version-history":[{"count":3,"href":"https:\/\/limerstamp.com.br\/blog\/wp-json\/wp\/v2\/pages\/19\/revisions"}],"predecessor-version":[{"id":50,"href":"https:\/\/limerstamp.com.br\/blog\/wp-json\/wp\/v2\/pages\/19\/revisions\/50"}],"wp:attachment":[{"href":"https:\/\/limerstamp.com.br\/blog\/wp-json\/wp\/v2\/media?parent=19"}],"curies":[{"name":"wp","href":"https:\/\/api.w.org\/{rel}","templated":true}]}}